{"id":59,"date":"2026-03-19T09:29:00","date_gmt":"2026-03-19T09:29:00","guid":{"rendered":"http:\/\/client20.s1.notaires-ia.fr\/?page_id=59"},"modified":"2026-04-14T10:40:03","modified_gmt":"2026-04-14T10:40:03","slug":"nos-offices","status":"publish","type":"page","link":"https:\/\/client20.s1.notaires-ia.fr\/?page_id=59","title":{"rendered":"Nos offices"},"content":{"rendered":"\t\t<div data-elementor-type=\"wp-page\" data-elementor-id=\"59\" class=\"elementor elementor-59\" data-elementor-post-type=\"page\">\n\t\t\t\t\t\t<section class=\"elementor-section elementor-top-section elementor-element elementor-element-1cf50ae8 elementor-section-full_width elementor-section-content-center elementor-section-height-default elementor-section-height-default\" data-id=\"1cf50ae8\" data-element_type=\"section\" data-e-type=\"section\" data-settings=\"{&quot;background_background&quot;:&quot;classic&quot;}\">\n\t\t\t\t\t\t<div class=\"elementor-container elementor-column-gap-default\">\n\t\t\t\t\t<div class=\"elementor-column elementor-col-100 elementor-top-column elementor-element elementor-element-36076361\" data-id=\"36076361\" data-element_type=\"column\" data-e-type=\"column\">\n\t\t\t<div class=\"elementor-widget-wrap elementor-element-populated\">\n\t\t\t\t\t\t<div class=\"elementor-element elementor-element-79a13ef4 elementor-widget elementor-widget-heading\" data-id=\"79a13ef4\" data-element_type=\"widget\" data-e-type=\"widget\" data-widget_type=\"heading.default\">\n\t\t\t\t\t<h1 class=\"elementor-heading-title elementor-size-default\">Nos bureaux<\/h1>\t\t\t\t<\/div>\n\t\t\t\t<div class=\"elementor-element elementor-element-c57476d elementor-widget elementor-widget-text-editor\" data-id=\"c57476d\" data-element_type=\"widget\" data-e-type=\"widget\" data-widget_type=\"text-editor.default\">\n\t\t\t\t\t\t\t\t\t<p>Pr\u00e9sent \u00e0 \u00c9tampes, \u00c9tr\u00e9chy et Lardy, notre \u00e9tude vous accompagne au plus pr\u00e8s de vos projets.<\/p>\t\t\t\t\t\t\t\t<\/div>\n\t\t\t\t\t<\/div>\n\t\t<\/div>\n\t\t\t\t\t<\/div>\n\t\t<\/section>\n\t\t\t\t<section class=\"elementor-section elementor-top-section elementor-element elementor-element-23ee1e82 elementor-section-full_width elementor-section-height-default elementor-section-height-default\" data-id=\"23ee1e82\" data-element_type=\"section\" data-e-type=\"section\" data-settings=\"{&quot;background_background&quot;:&quot;classic&quot;}\">\n\t\t\t\t\t\t<div class=\"elementor-container elementor-column-gap-default\">\n\t\t\t\t\t<div class=\"elementor-column elementor-col-100 elementor-top-column elementor-element elementor-element-256dad42\" data-id=\"256dad42\" data-element_type=\"column\" data-e-type=\"column\">\n\t\t\t<div class=\"elementor-widget-wrap elementor-element-populated\">\n\t\t\t\t\t\t<div class=\"elementor-element elementor-element-7fc32ed9 elementor-tabs-view-horizontal elementor-widget elementor-widget-tabs\" data-id=\"7fc32ed9\" data-element_type=\"widget\" data-e-type=\"widget\" data-widget_type=\"tabs.default\">\n\t\t\t\t\t\t\t<div class=\"elementor-tabs\">\n\t\t\t<div class=\"elementor-tabs-wrapper\" role=\"tablist\" >\n\t\t\t\t\t\t\t\t\t<div id=\"elementor-tab-title-2141\" class=\"elementor-tab-title elementor-tab-desktop-title\" aria-selected=\"true\" data-tab=\"1\" role=\"tab\" tabindex=\"0\" aria-controls=\"elementor-tab-content-2141\" aria-expanded=\"false\">\u00c9tampes \u2014 Si\u00e8ge social<\/div>\n\t\t\t\t\t\t\t\t\t<div id=\"elementor-tab-title-2142\" class=\"elementor-tab-title elementor-tab-desktop-title\" aria-selected=\"false\" data-tab=\"2\" role=\"tab\" tabindex=\"-1\" aria-controls=\"elementor-tab-content-2142\" aria-expanded=\"false\">\u00c9tr\u00e9chy<\/div>\n\t\t\t\t\t\t\t\t\t<div id=\"elementor-tab-title-2143\" class=\"elementor-tab-title elementor-tab-desktop-title\" aria-selected=\"false\" data-tab=\"3\" role=\"tab\" tabindex=\"-1\" aria-controls=\"elementor-tab-content-2143\" aria-expanded=\"false\">Lardy<\/div>\n\t\t\t\t\t\t\t<\/div>\n\t\t\t<div class=\"elementor-tabs-content-wrapper\" role=\"tablist\" aria-orientation=\"vertical\">\n\t\t\t\t\t\t\t\t\t<div class=\"elementor-tab-title elementor-tab-mobile-title\" aria-selected=\"true\" data-tab=\"1\" role=\"tab\" tabindex=\"0\" aria-controls=\"elementor-tab-content-2141\" aria-expanded=\"false\">\u00c9tampes \u2014 Si\u00e8ge social<\/div>\n\t\t\t\t\t<div id=\"elementor-tab-content-2141\" class=\"elementor-tab-content elementor-clearfix\" data-tab=\"1\" role=\"tabpanel\" aria-labelledby=\"elementor-tab-title-2141\" tabindex=\"0\" hidden=\"false\"><div style=\"display: grid; grid-template-columns: 1fr 1fr; gap: 48px; padding: 32px 0; align-items: start; font-family: 'Poppins',sans-serif;\"><div style=\"width: 100%; aspect-ratio: 4\/3; background: #DAECE0; border-radius: 8px; display: flex; align-items: center; justify-content: center; color: #a9bfb3; font-size: 14px;\">\ud83d\udcf7 Photo de l&rsquo;office d&rsquo;\u00c9tampes<\/div><div><h3 style=\"font-family: 'Inter',sans-serif; color: #638680; font-size: 28px; font-weight: 600; margin: 0 0 16px;\">\u00c9tampes<\/h3><p style=\"font-size: 15px; line-height: 1.8; color: #638680; margin-bottom: 28px;\">Si\u00e8ge historique de l&rsquo;\u00e9tude, le bureau d&rsquo;\u00c9tampes r\u00e9unit l&rsquo;ensemble de notre \u00e9quipe. Notaires et collaborateurs vous accueillent dans un cadre professionnel et confidentiel, pour traiter l&rsquo;ensemble de vos dossiers.<\/p><p style=\"font-size: 14px; color: #638680; margin: 0 0 10px;\"><strong>Adresse<\/strong><br \/>40 rue Louis Moreau, 91150 \u00c9tampes<\/p><p style=\"font-size: 14px; color: #638680; margin: 0 0 10px;\"><strong>T\u00e9l\u00e9phone<\/strong><br \/>01 69 16 14 00<\/p><p style=\"font-size: 14px; color: #638680; margin: 0 0 10px;\"><strong>Horaires<\/strong><br \/>Lun \u2013 Ven : 9h00 \u2013 12h30 \/ 14h00 \u2013 18h00<\/p><p style=\"font-size: 14px; color: #638680; margin: 0 0 10px;\"><strong>Email<\/strong><br \/>etampes@91020.notaires.fr<\/p><\/div><\/div><\/div>\n\t\t\t\t\t\t\t\t\t<div class=\"elementor-tab-title elementor-tab-mobile-title\" aria-selected=\"false\" data-tab=\"2\" role=\"tab\" tabindex=\"-1\" aria-controls=\"elementor-tab-content-2142\" aria-expanded=\"false\">\u00c9tr\u00e9chy<\/div>\n\t\t\t\t\t<div id=\"elementor-tab-content-2142\" class=\"elementor-tab-content elementor-clearfix\" data-tab=\"2\" role=\"tabpanel\" aria-labelledby=\"elementor-tab-title-2142\" tabindex=\"0\" hidden=\"hidden\"><div style=\"display: grid; grid-template-columns: 1fr 1fr; gap: 48px; padding: 32px 0; align-items: start; font-family: 'Poppins',sans-serif;\"><div style=\"width: 100%; aspect-ratio: 4\/3; background: #DAECE0; border-radius: 8px; display: flex; align-items: center; justify-content: center; color: #a9bfb3; font-size: 14px;\">\ud83d\udcf7 Photo de l&rsquo;office d&rsquo;\u00c9tr\u00e9chy<\/div><div><h3 style=\"font-family: 'Inter',sans-serif; color: #638680; font-size: 28px; font-weight: 600; margin: 0 0 16px;\">\u00c9tr\u00e9chy<\/h3><p style=\"font-size: 15px; line-height: 1.8; color: #638680; margin-bottom: 28px;\">Le bureau d&rsquo;\u00c9tr\u00e9chy offre un service de proximit\u00e9 pour les habitants de la commune et des villages alentours. Vous y retrouvez le m\u00eame niveau d&rsquo;exigence et de conseil que dans notre bureau principal.<\/p><p style=\"font-size: 14px; color: #638680; margin: 0 0 10px;\"><strong>Adresse<\/strong><br \/>56 Grande Rue, 91580 \u00c9tr\u00e9chy<\/p><p style=\"font-size: 14px; color: #638680; margin: 0 0 10px;\"><strong>T\u00e9l\u00e9phone<\/strong><br \/>01 69 92 13 40<\/p><p style=\"font-size: 14px; color: #638680; margin: 0 0 10px;\"><strong>Horaires<\/strong><br \/>Lun \u2013 Ven : 9h00 \u2013 12h00 \/ 14h00 \u2013 17h30<\/p><p style=\"font-size: 14px; color: #638680; margin: 0 0 10px;\"><strong>Email<\/strong><br \/>etrechy@91020.notaires.fr<\/p><\/div><\/div><\/div>\n\t\t\t\t\t\t\t\t\t<div class=\"elementor-tab-title elementor-tab-mobile-title\" aria-selected=\"false\" data-tab=\"3\" role=\"tab\" tabindex=\"-1\" aria-controls=\"elementor-tab-content-2143\" aria-expanded=\"false\">Lardy<\/div>\n\t\t\t\t\t<div id=\"elementor-tab-content-2143\" class=\"elementor-tab-content elementor-clearfix\" data-tab=\"3\" role=\"tabpanel\" aria-labelledby=\"elementor-tab-title-2143\" tabindex=\"0\" hidden=\"hidden\"><div style=\"display: grid; grid-template-columns: 1fr 1fr; gap: 48px; padding: 32px 0; align-items: start; font-family: 'Poppins',sans-serif;\"><div style=\"width: 100%; aspect-ratio: 4\/3; background: #DAECE0; border-radius: 8px; display: flex; align-items: center; justify-content: center; color: #a9bfb3; font-size: 14px;\">\ud83d\udcf7 Photo de l&rsquo;office de Lardy<\/div><div><h3 style=\"font-family: 'Inter',sans-serif; color: #638680; font-size: 28px; font-weight: 600; margin: 0 0 16px;\">Lardy<\/h3><p style=\"font-size: 15px; line-height: 1.8; color: #638680; margin-bottom: 28px;\">Point d&rsquo;accueil privil\u00e9gi\u00e9 pour le secteur sud de l&rsquo;Essonne, le bureau de Lardy propose un accompagnement personnalis\u00e9 pour vos d\u00e9marches en droit de la famille, immobilier et gestion patrimoniale.<\/p><p style=\"font-size: 14px; color: #638680; margin: 0 0 10px;\"><strong>Adresse<\/strong><br \/>68 Rue de la roche qui tourne, 91510 Lardy<\/p><p style=\"font-size: 14px; color: #638680; margin: 0 0 10px;\"><strong>T\u00e9l\u00e9phone<\/strong><br \/>01 69 27 14 70<\/p><p style=\"font-size: 14px; color: #638680; margin: 0 0 10px;\"><strong>Horaires<\/strong><br \/>Lun \u2013 Ven : 9h00 \u2013 12h00 \/ 14h00 \u2013 17h30<\/p><p style=\"font-size: 14px; color: #638680; margin: 0 0 10px;\"><strong>Email<\/strong><br \/>lardy@91020.notaires.fr<\/p><\/div><\/div><\/div>\n\t\t\t\t\t\t\t<\/div>\n\t\t<\/div>\n\t\t\t\t\t\t<\/div>\n\t\t\t\t\t<\/div>\n\t\t<\/div>\n\t\t\t\t\t<\/div>\n\t\t<\/section>\n\t\t\t\t<section class=\"elementor-section elementor-top-section elementor-element elementor-element-28e91e96 elementor-section-full_width elementor-section-height-default elementor-section-height-default\" data-id=\"28e91e96\" data-element_type=\"section\" data-e-type=\"section\" data-settings=\"{&quot;background_background&quot;:&quot;classic&quot;}\">\n\t\t\t\t\t\t<div class=\"elementor-container elementor-column-gap-extended\">\n\t\t\t\t\t<div class=\"elementor-column elementor-col-50 elementor-top-column elementor-element elementor-element-ce25604\" data-id=\"ce25604\" data-element_type=\"column\" data-e-type=\"column\">\n\t\t\t<div class=\"elementor-widget-wrap elementor-element-populated\">\n\t\t\t\t\t\t<div class=\"elementor-element elementor-element-7eacfae2 elementor-widget elementor-widget-heading\" data-id=\"7eacfae2\" data-element_type=\"widget\" data-e-type=\"widget\" data-widget_type=\"heading.default\">\n\t\t\t\t\t<h2 class=\"elementor-heading-title elementor-size-default\">\u00c9galement \u00e0 distance<\/h2>\t\t\t\t<\/div>\n\t\t\t\t<div class=\"elementor-element elementor-element-6684d1f4 elementor-widget elementor-widget-text-editor\" data-id=\"6684d1f4\" data-element_type=\"widget\" data-e-type=\"widget\" data-widget_type=\"text-editor.default\">\n\t\t\t\t\t\t\t\t\t<p>Nous proposons un accompagnement complet \u00e0 distance, avec les m\u00eames garanties qu&rsquo;en pr\u00e9sentiel : visioconf\u00e9rence s\u00e9curis\u00e9e, signature \u00e9lectronique d&rsquo;actes authentiques et espace client d\u00e9di\u00e9.<\/p>\t\t\t\t\t\t\t\t<\/div>\n\t\t\t\t\t<\/div>\n\t\t<\/div>\n\t\t\t\t<div class=\"elementor-column elementor-col-50 elementor-top-column elementor-element elementor-element-1b65d7af\" data-id=\"1b65d7af\" data-element_type=\"column\" data-e-type=\"column\">\n\t\t\t<div class=\"elementor-widget-wrap elementor-element-populated\">\n\t\t\t\t\t\t<div class=\"elementor-element elementor-element-1a3aa294 elementor-icon-list--layout-traditional elementor-list-item-link-full_width elementor-widget elementor-widget-icon-list\" data-id=\"1a3aa294\" data-element_type=\"widget\" data-e-type=\"widget\" data-widget_type=\"icon-list.default\">\n\t\t\t\t\t\t\t<ul class=\"elementor-icon-list-items\">\n\t\t\t\t\t\t\t<li class=\"elementor-icon-list-item\">\n\t\t\t\t\t\t\t\t\t\t\t<span class=\"elementor-icon-list-icon\">\n\t\t\t\t\t\t\t<svg aria-hidden=\"true\" class=\"e-font-icon-svg e-fas-check\" viewBox=\"0 0 512 512\" xmlns=\"http:\/\/www.w3.org\/2000\/svg\"><path d=\"M173.898 439.404l-166.4-166.4c-9.997-9.997-9.997-26.206 0-36.204l36.203-36.204c9.997-9.998 26.207-9.998 36.204 0L192 312.69 432.095 72.596c9.997-9.997 26.207-9.997 36.204 0l36.203 36.204c9.997 9.997 9.997 26.206 0 36.204l-294.4 294.401c-9.998 9.997-26.207 9.997-36.204-.001z\"><\/path><\/svg>\t\t\t\t\t\t<\/span>\n\t\t\t\t\t\t\t\t\t\t<span class=\"elementor-icon-list-text\">Rendez-vous en visioconf\u00e9rence<\/span>\n\t\t\t\t\t\t\t\t\t<\/li>\n\t\t\t\t\t\t\t\t<li class=\"elementor-icon-list-item\">\n\t\t\t\t\t\t\t\t\t\t\t<span class=\"elementor-icon-list-icon\">\n\t\t\t\t\t\t\t<svg aria-hidden=\"true\" class=\"e-font-icon-svg e-fas-check\" viewBox=\"0 0 512 512\" xmlns=\"http:\/\/www.w3.org\/2000\/svg\"><path d=\"M173.898 439.404l-166.4-166.4c-9.997-9.997-9.997-26.206 0-36.204l36.203-36.204c9.997-9.998 26.207-9.998 36.204 0L192 312.69 432.095 72.596c9.997-9.997 26.207-9.997 36.204 0l36.203 36.204c9.997 9.997 9.997 26.206 0 36.204l-294.4 294.401c-9.998 9.997-26.207 9.997-36.204-.001z\"><\/path><\/svg>\t\t\t\t\t\t<\/span>\n\t\t\t\t\t\t\t\t\t\t<span class=\"elementor-icon-list-text\">Signature \u00e9lectronique s\u00e9curis\u00e9e<\/span>\n\t\t\t\t\t\t\t\t\t<\/li>\n\t\t\t\t\t\t\t\t<li class=\"elementor-icon-list-item\">\n\t\t\t\t\t\t\t\t\t\t\t<span class=\"elementor-icon-list-icon\">\n\t\t\t\t\t\t\t<svg aria-hidden=\"true\" class=\"e-font-icon-svg e-fas-check\" viewBox=\"0 0 512 512\" xmlns=\"http:\/\/www.w3.org\/2000\/svg\"><path d=\"M173.898 439.404l-166.4-166.4c-9.997-9.997-9.997-26.206 0-36.204l36.203-36.204c9.997-9.998 26.207-9.998 36.204 0L192 312.69 432.095 72.596c9.997-9.997 26.207-9.997 36.204 0l36.203 36.204c9.997 9.997 9.997 26.206 0 36.204l-294.4 294.401c-9.998 9.997-26.207 9.997-36.204-.001z\"><\/path><\/svg>\t\t\t\t\t\t<\/span>\n\t\t\t\t\t\t\t\t\t\t<span class=\"elementor-icon-list-text\">Envoi de documents en ligne<\/span>\n\t\t\t\t\t\t\t\t\t<\/li>\n\t\t\t\t\t\t\t\t<li class=\"elementor-icon-list-item\">\n\t\t\t\t\t\t\t\t\t\t\t<span class=\"elementor-icon-list-icon\">\n\t\t\t\t\t\t\t<svg aria-hidden=\"true\" class=\"e-font-icon-svg e-fas-check\" viewBox=\"0 0 512 512\" xmlns=\"http:\/\/www.w3.org\/2000\/svg\"><path d=\"M173.898 439.404l-166.4-166.4c-9.997-9.997-9.997-26.206 0-36.204l36.203-36.204c9.997-9.998 26.207-9.998 36.204 0L192 312.69 432.095 72.596c9.997-9.997 26.207-9.997 36.204 0l36.203 36.204c9.997 9.997 9.997 26.206 0 36.204l-294.4 294.401c-9.998 9.997-26.207 9.997-36.204-.001z\"><\/path><\/svg>\t\t\t\t\t\t<\/span>\n\t\t\t\t\t\t\t\t\t\t<span class=\"elementor-icon-list-text\">Espace client d\u00e9di\u00e9<\/span>\n\t\t\t\t\t\t\t\t\t<\/li>\n\t\t\t\t\t\t\t\t<li class=\"elementor-icon-list-item\">\n\t\t\t\t\t\t\t\t\t\t\t<span class=\"elementor-icon-list-icon\">\n\t\t\t\t\t\t\t<svg aria-hidden=\"true\" class=\"e-font-icon-svg e-fas-check\" viewBox=\"0 0 512 512\" xmlns=\"http:\/\/www.w3.org\/2000\/svg\"><path d=\"M173.898 439.404l-166.4-166.4c-9.997-9.997-9.997-26.206 0-36.204l36.203-36.204c9.997-9.998 26.207-9.998 36.204 0L192 312.69 432.095 72.596c9.997-9.997 26.207-9.997 36.204 0l36.203 36.204c9.997 9.997 9.997 26.206 0 36.204l-294.4 294.401c-9.998 9.997-26.207 9.997-36.204-.001z\"><\/path><\/svg>\t\t\t\t\t\t<\/span>\n\t\t\t\t\t\t\t\t\t\t<span class=\"elementor-icon-list-text\">Interlocuteur unique<\/span>\n\t\t\t\t\t\t\t\t\t<\/li>\n\t\t\t\t\t\t<\/ul>\n\t\t\t\t\t\t<\/div>\n\t\t\t\t\t<\/div>\n\t\t<\/div>\n\t\t\t\t\t<\/div>\n\t\t<\/section>\n\t\t\t\t<section class=\"elementor-section elementor-top-section elementor-element elementor-element-2ce50820 elementor-section-full_width elementor-section-height-default elementor-section-height-default\" data-id=\"2ce50820\" data-element_type=\"section\" data-e-type=\"section\" data-settings=\"{&quot;background_background&quot;:&quot;classic&quot;}\">\n\t\t\t\t\t\t<div class=\"elementor-container elementor-column-gap-default\">\n\t\t\t\t\t<div class=\"elementor-column elementor-col-100 elementor-top-column elementor-element elementor-element-6e02cab\" data-id=\"6e02cab\" data-element_type=\"column\" data-e-type=\"column\">\n\t\t\t<div class=\"elementor-widget-wrap elementor-element-populated\">\n\t\t\t\t\t\t<div class=\"elementor-element elementor-element-6ce1a10e elementor-widget elementor-widget-heading\" data-id=\"6ce1a10e\" data-element_type=\"widget\" data-e-type=\"widget\" data-widget_type=\"heading.default\">\n\t\t\t\t\t<h2 class=\"elementor-heading-title elementor-size-default\">Prendre rendez-vous<\/h2>\t\t\t\t<\/div>\n\t\t\t\t<div class=\"elementor-element elementor-element-199fd009 elementor-widget elementor-widget-text-editor\" data-id=\"199fd009\" data-element_type=\"widget\" data-e-type=\"widget\" data-widget_type=\"text-editor.default\">\n\t\t\t\t\t\t\t\t\t<p style=\"text-align:center;\">Contactez-nous par t\u00e9l\u00e9phone ou en ligne pour convenir d&rsquo;un rendez-vous dans le bureau de votre choix.<\/p>\t\t\t\t\t\t\t\t<\/div>\n\t\t\t\t<div class=\"elementor-element elementor-element-75be0fc3 elementor-align-center elementor-widget elementor-widget-button\" data-id=\"75be0fc3\" data-element_type=\"widget\" data-e-type=\"widget\" data-widget_type=\"button.default\">\n\t\t\t\t\t\t\t\t\t\t<a class=\"elementor-button elementor-button-link elementor-size-md\" href=\"#\">\n\t\t\t\t\t\t<span class=\"elementor-button-content-wrapper\">\n\t\t\t\t\t\t\t\t\t<span class=\"elementor-button-text\">Prendre RDV<\/span>\n\t\t\t\t\t<\/span>\n\t\t\t\t\t<\/a>\n\t\t\t\t\t\t\t\t<\/div>\n\t\t\t\t\t<\/div>\n\t\t<\/div>\n\t\t\t\t\t<\/div>\n\t\t<\/section>\n\t\t\t\t<\/div>\n\t\t","protected":false},"excerpt":{"rendered":"<p>Nos bureaux Pr\u00e9sent \u00e0 \u00c9tampes, \u00c9tr\u00e9chy et Lardy, notre \u00e9tude vous accompagne au plus pr\u00e8s de vos projets. \u00c9tampes \u2014 Si\u00e8ge social \u00c9tr\u00e9chy Lardy \u00c9tampes \u2014 Si\u00e8ge social \ud83d\udcf7 Photo de l&rsquo;office d&rsquo;\u00c9tampes \u00c9tampes Si\u00e8ge historique de l&rsquo;\u00e9tude, le bureau d&rsquo;\u00c9tampes r\u00e9unit l&rsquo;ensemble de notre \u00e9quipe. Notaires et collaborateurs vous accueillent dans un cadre professionnel [&hellip;]<\/p>\n","protected":false},"author":1,"featured_media":0,"parent":0,"menu_order":0,"comment_status":"closed","ping_status":"closed","template":"","meta":{"footnotes":""},"class_list":["post-59","page","type-page","status-publish","hentry"],"_links":{"self":[{"href":"https:\/\/client20.s1.notaires-ia.fr\/index.php?rest_route=\/wp\/v2\/pages\/59","targetHints":{"allow":["GET"]}}],"collection":[{"href":"https:\/\/client20.s1.notaires-ia.fr\/index.php?rest_route=\/wp\/v2\/pages"}],"about":[{"href":"https:\/\/client20.s1.notaires-ia.fr\/index.php?rest_route=\/wp\/v2\/types\/page"}],"author":[{"embeddable":true,"href":"https:\/\/client20.s1.notaires-ia.fr\/index.php?rest_route=\/wp\/v2\/users\/1"}],"replies":[{"embeddable":true,"href":"https:\/\/client20.s1.notaires-ia.fr\/index.php?rest_route=%2Fwp%2Fv2%2Fcomments&post=59"}],"version-history":[{"count":23,"href":"https:\/\/client20.s1.notaires-ia.fr\/index.php?rest_route=\/wp\/v2\/pages\/59\/revisions"}],"predecessor-version":[{"id":416,"href":"https:\/\/client20.s1.notaires-ia.fr\/index.php?rest_route=\/wp\/v2\/pages\/59\/revisions\/416"}],"wp:attachment":[{"href":"https:\/\/client20.s1.notaires-ia.fr\/index.php?rest_route=%2Fwp%2Fv2%2Fmedia&parent=59"}],"curies":[{"name":"wp","href":"https:\/\/api.w.org\/{rel}","templated":true}]}}