{"id":244,"date":"2026-04-01T12:04:19","date_gmt":"2026-04-01T12:04:19","guid":{"rendered":"https:\/\/client20.s1.notaires-ia.fr\/?page_id=244"},"modified":"2026-04-01T12:04:19","modified_gmt":"2026-04-01T12:04:19","slug":"mentions-legales","status":"publish","type":"page","link":"https:\/\/client20.s1.notaires-ia.fr\/?page_id=244","title":{"rendered":"Mentions L\u00e9gales"},"content":{"rendered":"\n<h2>1. Pr\u00e9sentation du site<\/h2>\n<table>\n<tbody>\n<tr><td><strong>URL du site<\/strong><\/td><td>https:\/\/client20.s1.notaires-ia.fr<\/td><\/tr>\n<tr><td><strong>Propri\u00e9taire du site<\/strong><\/td><td>SCP KNEPPERT, TROTTIER-CAJEAT, FOIRY, PINEL-MANGIN et HAREL, Notaires<\/td><\/tr>\n<tr><td><strong>Forme juridique<\/strong><\/td><td>Soci\u00e9t\u00e9 Civile Professionnelle (SCP)<\/td><\/tr>\n<tr><td><strong>Adresse du si\u00e8ge<\/strong><\/td><td>40 rue Louis Moreau, 91150 \u00c9tampes<\/td><\/tr>\n<tr><td><strong>Annexes<\/strong><\/td><td>68 Rue de la Roche qui Tourne, 91510 Lardy<br>56 Grande Rue, 91580 \u00c9tr\u00e9chy<\/td><\/tr>\n<tr><td><strong>T\u00e9l\u00e9phone<\/strong><\/td><td>01 69 16 14 00<\/td><\/tr>\n<tr><td><strong>E-mail<\/strong><\/td><td>office91020.etampes@notaires.fr<\/td><\/tr>\n<tr><td><strong>SIRET<\/strong><\/td><td>785 194 044 00018<\/td><\/tr>\n<tr><td><strong>Notaires associ\u00e9s<\/strong><\/td><td>Ma\u00eetres Fran\u00e7ois-Xavier KNEPPERT, Brigitte TROTTIER-CAJEAT, David FOIRY, Marie-Eve PINEL-MANGIN et Sophie HAREL<\/td><\/tr>\n<\/tbody>\n<\/table>\n\n<h2>2. Conception et r\u00e9alisation du site<\/h2>\n<table>\n<tbody>\n<tr><td><strong>Raison sociale<\/strong><\/td><td>C-Clerc SAS<\/td><\/tr>\n<tr><td><strong>Adresse<\/strong><\/td><td>4 Boulevard des Sablons, 92200 Neuilly-sur-Seine<\/td><\/tr>\n<tr><td><strong>SIRET<\/strong><\/td><td>949 182 737 00013<\/td><\/tr>\n<tr><td><strong>RCS<\/strong><\/td><td>Nanterre<\/td><\/tr>\n<tr><td><strong>Capital social<\/strong><\/td><td>1 240,20 \u20ac<\/td><\/tr>\n<tr><td><strong>Pr\u00e9sident<\/strong><\/td><td>Leah Benguigui<\/td><\/tr>\n<tr><td><strong>E-mail<\/strong><\/td><td>jacques@c-clerc.fr<\/td><\/tr>\n<tr><td><strong>T\u00e9l\u00e9phone<\/strong><\/td><td>06 71 62 59 83<\/td><\/tr>\n<\/tbody>\n<\/table>\n\n<h2>3. H\u00e9bergement<\/h2>\n<table>\n<tbody>\n<tr><td><strong>H\u00e9bergeur<\/strong><\/td><td>OVH SAS<\/td><\/tr>\n<tr><td><strong>Adresse<\/strong><\/td><td>2 rue Kellermann, 59100 Roubaix<\/td><\/tr>\n<tr><td><strong>SIRET<\/strong><\/td><td>424 761 419 00045<\/td><\/tr>\n<tr><td><strong>RCS<\/strong><\/td><td>Lille M\u00e9tropole 424 761 419<\/td><\/tr>\n<tr><td><strong>Capital social<\/strong><\/td><td>10 069 020 \u20ac<\/td><\/tr>\n<tr><td><strong>T\u00e9l\u00e9phone<\/strong><\/td><td>09 72 10 10 07<\/td><\/tr>\n<\/tbody>\n<\/table>\n\n<h2>4. Profession r\u00e9glement\u00e9e<\/h2>\n<p>Les notaires de l&rsquo;\u00e9tude sont des officiers publics et minist\u00e9riels nomm\u00e9s par le Garde des Sceaux, Ministre de la Justice. Ils exercent leur activit\u00e9 dans le cadre de la r\u00e9glementation suivante :<\/p>\n<ul>\n<li>Ordonnance n\u00b0 45-2590 du 2 novembre 1945 relative au statut du notariat<\/li>\n<li>D\u00e9cret n\u00b0 71-941 du 26 novembre 1971 relatif aux actes \u00e9tablis par les notaires<\/li>\n<\/ul>\n<p>Organisme de rattachement : <strong>Chambre des Notaires de l&rsquo;Essonne<\/strong> (Cour d&rsquo;appel de Paris).<\/p>\n<p>Autorit\u00e9 de tutelle : <strong>Conseil Sup\u00e9rieur du Notariat (CSN)<\/strong>, 60 boulevard de La Tour-Maubourg, 75007 Paris \u2014 <a href=\"https:\/\/www.notaires.fr\" target=\"_blank\" rel=\"noopener\">www.notaires.fr<\/a><\/p>\n\n<h2>5. Propri\u00e9t\u00e9 intellectuelle<\/h2>\n<p>L&rsquo;ensemble des contenus pr\u00e9sents sur ce site (textes, images, graphismes, logo, ic\u00f4nes, structure) est la propri\u00e9t\u00e9 exclusive de la SCP KNEPPERT, TROTTIER-CAJEAT, FOIRY, PINEL-MANGIN et HAREL ou de ses partenaires. Toute reproduction, repr\u00e9sentation, modification, publication, adaptation de tout ou partie des \u00e9l\u00e9ments du site, quel que soit le moyen ou le proc\u00e9d\u00e9 utilis\u00e9, est interdite sans autorisation \u00e9crite pr\u00e9alable.<\/p>\n\n<h2>6. Limitation de responsabilit\u00e9<\/h2>\n<p>Les informations diffus\u00e9es sur ce site sont pr\u00e9sent\u00e9es \u00e0 titre purement informatif et ne sauraient constituer un conseil juridique. Seule une consultation personnalis\u00e9e aupr\u00e8s de l&rsquo;un des notaires de l&rsquo;\u00e9tude peut engager leur responsabilit\u00e9 professionnelle. La SCP KNEPPERT, TROTTIER-CAJEAT, FOIRY, PINEL-MANGIN et HAREL ne saurait \u00eatre tenue responsable de tout dommage direct ou indirect r\u00e9sultant de l&rsquo;utilisation de ce site.<\/p>\n\n<h2>7. Secret professionnel<\/h2>\n<p>Conform\u00e9ment \u00e0 l&rsquo;article 3 du R\u00e8glement National et \u00e0 l&rsquo;article 226-13 du Code p\u00e9nal, les notaires sont soumis au secret professionnel. Toute information confi\u00e9e \u00e0 l&rsquo;\u00e9tude dans le cadre de ses missions est strictement confidentielle.<\/p>\n\n<h2>8. Droit applicable et juridiction comp\u00e9tente<\/h2>\n<p>Les pr\u00e9sentes mentions l\u00e9gales sont r\u00e9gies par le droit fran\u00e7ais. En cas de litige, et apr\u00e8s tentative de r\u00e9solution amiable, comp\u00e9tence est attribu\u00e9e aux tribunaux comp\u00e9tents du ressort de la Cour d&rsquo;appel de Paris.<\/p>\n","protected":false},"excerpt":{"rendered":"<p>1. Pr\u00e9sentation du site URL du site https:\/\/client20.s1.notaires-ia.fr Propri\u00e9taire du site SCP KNEPPERT, TROTTIER-CAJEAT, FOIRY, PINEL-MANGIN et HAREL, Notaires Forme juridique Soci\u00e9t\u00e9 Civile Professionnelle (SCP) Adresse du si\u00e8ge 40 rue Louis Moreau, 91150 \u00c9tampes Annexes 68 Rue de la Roche qui Tourne, 91510 Lardy56 Grande Rue, 91580 \u00c9tr\u00e9chy T\u00e9l\u00e9phone 01 69 16 14 00 E-mail [&hellip;]<\/p>\n","protected":false},"author":1,"featured_media":0,"parent":0,"menu_order":0,"comment_status":"closed","ping_status":"closed","template":"","meta":{"footnotes":""},"class_list":["post-244","page","type-page","status-publish","hentry"],"_links":{"self":[{"href":"https:\/\/client20.s1.notaires-ia.fr\/index.php?rest_route=\/wp\/v2\/pages\/244","targetHints":{"allow":["GET"]}}],"collection":[{"href":"https:\/\/client20.s1.notaires-ia.fr\/index.php?rest_route=\/wp\/v2\/pages"}],"about":[{"href":"https:\/\/client20.s1.notaires-ia.fr\/index.php?rest_route=\/wp\/v2\/types\/page"}],"author":[{"embeddable":true,"href":"https:\/\/client20.s1.notaires-ia.fr\/index.php?rest_route=\/wp\/v2\/users\/1"}],"replies":[{"embeddable":true,"href":"https:\/\/client20.s1.notaires-ia.fr\/index.php?rest_route=%2Fwp%2Fv2%2Fcomments&post=244"}],"version-history":[{"count":1,"href":"https:\/\/client20.s1.notaires-ia.fr\/index.php?rest_route=\/wp\/v2\/pages\/244\/revisions"}],"predecessor-version":[{"id":245,"href":"https:\/\/client20.s1.notaires-ia.fr\/index.php?rest_route=\/wp\/v2\/pages\/244\/revisions\/245"}],"wp:attachment":[{"href":"https:\/\/client20.s1.notaires-ia.fr\/index.php?rest_route=%2Fwp%2Fv2%2Fmedia&parent=244"}],"curies":[{"name":"wp","href":"https:\/\/api.w.org\/{rel}","templated":true}]}}